{"id":256,"date":"2025-07-10T15:25:35","date_gmt":"2025-07-10T13:25:35","guid":{"rendered":"https:\/\/www.hoteldefrance-chaudeyrac.com\/?page_id=256"},"modified":"2025-10-03T14:11:11","modified_gmt":"2025-10-03T12:11:11","slug":"nos-menus","status":"publish","type":"page","link":"https:\/\/www.hoteldefrance-chaudeyrac.com\/en\/restaurant\/nos-menus\/","title":{"rendered":"Our menus"},"content":{"rendered":"<div data-elementor-type=\"wp-page\" data-elementor-id=\"256\" class=\"elementor elementor-256\" data-elementor-post-type=\"page\">\n\t\t\t\t<div class=\"elementor-element elementor-element-43f96b8 e-flex e-con-boxed e-con e-parent\" data-id=\"43f96b8\" data-element_type=\"container\">\n\t\t\t\t\t<div class=\"e-con-inner\">\n\t\t\t\t<div class=\"elementor-element elementor-element-37f0855 elementor-widget elementor-widget-heading\" data-id=\"37f0855\" data-element_type=\"widget\" data-widget_type=\"heading.default\">\n\t\t\t\t\t<h2 class=\"elementor-heading-title elementor-size-default\">Local produce<br \/> and authentic flavours<\/h2>\t\t\t\t<\/div>\n\t\t\t\t<div class=\"elementor-element elementor-element-1cb98d3 elementor-arrows-position-inside elementor-pagination-position-outside elementor-widget elementor-widget-image-carousel\" data-id=\"1cb98d3\" data-element_type=\"widget\" data-settings=\"{&quot;slides_to_show&quot;:&quot;1&quot;,&quot;effect&quot;:&quot;fade&quot;,&quot;navigation&quot;:&quot;both&quot;,&quot;autoplay&quot;:&quot;yes&quot;,&quot;pause_on_hover&quot;:&quot;yes&quot;,&quot;pause_on_interaction&quot;:&quot;yes&quot;,&quot;autoplay_speed&quot;:5000,&quot;speed&quot;:500}\" data-widget_type=\"image-carousel.default\">\n\t\t\t\t\t\t\t<div class=\"elementor-image-carousel-wrapper swiper\" role=\"region\" aria-roledescription=\"carousel\" aria-label=\"Carousel\" dir=\"ltr\">\n\t\t\t<div class=\"elementor-image-carousel swiper-wrapper\" aria-live=\"off\">\n\t\t\t\t\t\t\t\t<div class=\"swiper-slide\" role=\"group\" aria-roledescription=\"slide\" aria-label=\"1 of 3\" data-no-translation-aria-label=\"\"><figure class=\"swiper-slide-inner\"><img decoding=\"async\" class=\"swiper-slide-image\" src=\"https:\/\/www.hoteldefrance-chaudeyrac.com\/wp-content\/uploads\/2025\/07\/ZZK0056-scaled-e1752231935205-768x714.jpg\" alt=\"_ZZK0056\" \/><\/figure><\/div><div class=\"swiper-slide\" role=\"group\" aria-roledescription=\"slide\" aria-label=\"2 of 3\" data-no-translation-aria-label=\"\"><figure class=\"swiper-slide-inner\"><img decoding=\"async\" class=\"swiper-slide-image\" src=\"https:\/\/www.hoteldefrance-chaudeyrac.com\/wp-content\/uploads\/2025\/07\/ZZK0061-768x511.jpg\" alt=\"_ZZK0061\" \/><\/figure><\/div><div class=\"swiper-slide\" role=\"group\" aria-roledescription=\"slide\" aria-label=\"3 of 3\" data-no-translation-aria-label=\"\"><figure class=\"swiper-slide-inner\"><img decoding=\"async\" class=\"swiper-slide-image\" src=\"https:\/\/www.hoteldefrance-chaudeyrac.com\/wp-content\/uploads\/2025\/07\/ZZK0066-768x511.jpg\" alt=\"_ZZK0066\" \/><\/figure><\/div>\t\t\t<\/div>\n\t\t\t\t\t\t\t\t\t\t\t\t<div class=\"elementor-swiper-button elementor-swiper-button-prev\" role=\"button\" tabindex=\"0\">\n\t\t\t\t\t\t<svg aria-hidden=\"true\" class=\"e-font-icon-svg e-eicon-chevron-left\" viewbox=\"0 0 1000 1000\" xmlns=\"http:\/\/www.w3.org\/2000\/svg\"><path d=\"M646 125C629 125 613 133 604 142L308 442C296 454 292 471 292 487 292 504 296 521 308 533L604 854C617 867 629 875 646 875 663 875 679 871 692 858 704 846 713 829 713 812 713 796 708 779 692 767L438 487 692 225C700 217 708 204 708 187 708 171 704 154 692 142 675 129 663 125 646 125Z\"><\/path><\/svg>\t\t\t\t\t<\/div>\n\t\t\t\t\t<div class=\"elementor-swiper-button elementor-swiper-button-next\" role=\"button\" tabindex=\"0\">\n\t\t\t\t\t\t<svg aria-hidden=\"true\" class=\"e-font-icon-svg e-eicon-chevron-right\" viewbox=\"0 0 1000 1000\" xmlns=\"http:\/\/www.w3.org\/2000\/svg\"><path d=\"M696 533C708 521 713 504 713 487 713 471 708 454 696 446L400 146C388 133 375 125 354 125 338 125 325 129 313 142 300 154 292 171 292 187 292 204 296 221 308 233L563 492 304 771C292 783 288 800 288 817 288 833 296 850 308 863 321 871 338 875 354 875 371 875 388 867 400 854L696 533Z\"><\/path><\/svg>\t\t\t\t\t<\/div>\n\t\t\t\t\n\t\t\t\t\t\t\t\t\t<div class=\"swiper-pagination\"><\/div>\n\t\t\t\t\t\t\t\t\t<\/div>\n\t\t\t\t\t\t<\/div>\n\t\t\t\t\t<\/div>\n\t\t\t\t<\/div>\n\t\t<div class=\"elementor-element elementor-element-9b785a6 e-flex e-con-boxed e-con e-parent\" data-id=\"9b785a6\" data-element_type=\"container\">\n\t\t\t\t\t<div class=\"e-con-inner\">\n\t\t\t\t<div class=\"elementor-element elementor-element-290ab94 elementor-widget elementor-widget-heading\" data-id=\"290ab94\" data-element_type=\"widget\" data-widget_type=\"heading.default\">\n\t\t\t\t\t<h2 class=\"elementor-heading-title elementor-size-default\">Our menus<\/h2>\t\t\t\t<\/div>\n\t\t\t\t<div class=\"elementor-element elementor-element-f71e9bd elementor-widget elementor-widget-text-editor\" data-id=\"f71e9bd\" data-element_type=\"widget\" data-widget_type=\"text-editor.default\">\n\t\t\t\t\t\t\t\t\t<p>Nous vous accueillons six jours sur sept (ferm\u00e9 le dimanche soir et le lundi) pour une halte gourmande \u00e0 proximit\u00e9 de la RN 88 et lors de vos s\u00e9jours en Loz\u00e8re.\u00a0<\/p><p>Dans notre restaurant, les plats sont pr\u00e9par\u00e9s maison.\u00a0Nous travaillons avec les produits de notre territoire. Nos viandes sont issues d\u2019\u00e9levages r\u00e9gionaux (Massif Central).\u00a0 Nous aimons proposer des recettes locales (charcuteries, aligot, truffade, t\u00eate de veau, truite \u2026), de gibiers et champignons \u00e0 la saison, des fromages du Massif Central (Salers, Saint Nectaire, fromages fermiers issus des fermes voisines\u2026) et des desserts typiques de la Margeride et de Loz\u00e8re<\/p><p>Nous vous proposons chaque jour plusieurs formules :<\/p>\t\t\t\t\t\t\t\t<\/div>\n\t\t\t\t<div class=\"elementor-element elementor-element-152bf5f elementor-widget elementor-widget-text-editor\" data-id=\"152bf5f\" data-element_type=\"widget\" data-widget_type=\"text-editor.default\">\n\t\t\t\t\t\t\t\t\t<p>Menu at \u20ac17<\/p><p>Menu at 22\u20ac (Starter, Dish of the day, Dessert)<\/p><p>Menu at \u20ac28<\/p><p>Menu at \u20ac34<\/p><p>Vegetarian menu on request<\/p><p>Children's menu at \u20ac8<\/p><p>Picnic basket \u20ac9 (please let us know the day before)<\/p><p>Workmen's menu every day<\/p>\t\t\t\t\t\t\t\t<\/div>\n\t\t\t\t<div class=\"elementor-element elementor-element-f113ba9 elementor-align-center elementor-widget elementor-widget-button\" data-id=\"f113ba9\" data-element_type=\"widget\" data-widget_type=\"button.default\">\n\t\t\t\t\t\t\t\t\t\t<a class=\"elementor-button elementor-button-link elementor-size-sm\" href=\"https:\/\/www.hoteldefrance-chaudeyrac.com\/en\/contact-reservation\/\">\n\t\t\t\t\t\t<span class=\"elementor-button-content-wrapper\">\n\t\t\t\t\t\t\t\t\t<span class=\"elementor-button-text\">Make a restaurant reservation<\/span>\n\t\t\t\t\t<\/span>\n\t\t\t\t\t<\/a>\n\t\t\t\t\t\t\t\t<\/div>\n\t\t\t\t\t<\/div>\n\t\t\t\t<\/div>\n\t\t<div class=\"elementor-element elementor-element-b78f737 e-flex e-con-boxed e-con e-parent\" data-id=\"b78f737\" data-element_type=\"container\">\n\t\t\t\t\t<div class=\"e-con-inner\">\n\t\t\t\t<div class=\"elementor-element elementor-element-904cb66 elementor-widget elementor-widget-heading\" data-id=\"904cb66\" data-element_type=\"widget\" data-widget_type=\"heading.default\">\n\t\t\t\t\t<h2 class=\"elementor-heading-title elementor-size-default\">Services at your disposal<\/h2>\t\t\t\t<\/div>\n\t\t<div class=\"elementor-element elementor-element-1a9669d e-con-full e-flex e-con e-child\" data-id=\"1a9669d\" data-element_type=\"container\">\n\t\t<div class=\"elementor-element elementor-element-61b0fa7 e-con-full e-flex e-con e-child\" data-id=\"61b0fa7\" data-element_type=\"container\">\n\t\t\t\t<div class=\"elementor-element elementor-element-a41b1c5 elementor-widget elementor-widget-text-editor\" data-id=\"a41b1c5\" data-element_type=\"widget\" data-widget_type=\"text-editor.default\">\n\t\t\t\t\t\t\t\t\t<p>Our restaurant is equipped with free Wifi.  We also have a large parking lot with motorcycle parking and charging points for electric vehicles.<\/p><p>Le restaurant dispose de 3 salles et d&rsquo;une terrasse ext\u00e9rieure \u00e0 la belle saison.\u00a0\u00a0<\/p><p>Pour les enfants ou les plus grands, nous mettons \u00e0 votre disposition un salon TV ou lecture et une salle de jeux avec des livres et des jeux \u00e0 disposition.\u00a0<\/p><p>Nous pouvons aussi accueillir vos repas de groupes (10 \u00e0 50 personnes) sur r\u00e9servation.\u00a0<\/p>\t\t\t\t\t\t\t\t<\/div>\n\t\t\t\t<\/div>\n\t\t\t\t<div class=\"elementor-element elementor-element-e232428 elementor-widget elementor-widget-image\" data-id=\"e232428\" data-element_type=\"widget\" data-widget_type=\"image.default\">\n\t\t\t\t\t\t\t\t\t\t\t\t\t\t\t<img alt=\"\" fetchpriority=\"high\" decoding=\"async\" width=\"800\" height=\"450\" src=\"https:\/\/www.hoteldefrance-chaudeyrac.com\/wp-content\/uploads\/2025\/07\/parking-1024x576.jpg\" class=\"attachment-large size-large wp-image-642\" srcset=\"https:\/\/www.hoteldefrance-chaudeyrac.com\/wp-content\/uploads\/2025\/07\/parking-1024x576.jpg 1024w, https:\/\/www.hoteldefrance-chaudeyrac.com\/wp-content\/uploads\/2025\/07\/parking-300x169.jpg 300w, https:\/\/www.hoteldefrance-chaudeyrac.com\/wp-content\/uploads\/2025\/07\/parking-768x432.jpg 768w, https:\/\/www.hoteldefrance-chaudeyrac.com\/wp-content\/uploads\/2025\/07\/parking-1536x864.jpg 1536w, https:\/\/www.hoteldefrance-chaudeyrac.com\/wp-content\/uploads\/2025\/07\/parking-2048x1152.jpg 2048w, https:\/\/www.hoteldefrance-chaudeyrac.com\/wp-content\/uploads\/2025\/07\/parking-18x10.jpg 18w\" sizes=\"(max-width: 800px) 100vw, 800px\" \/>\t\t\t\t\t\t\t\t\t\t\t\t\t\t\t<\/div>\n\t\t\t\t<\/div>\n\t\t\t\t\t<\/div>\n\t\t\t\t<\/div>\n\t\t\t\t<\/div>","protected":false},"excerpt":{"rendered":"<p>Des produits locaux et des saveurs authentiques Nos menus Nous vous accueillons six jours sur sept (ferm\u00e9 le dimanche soir et le lundi) pour une halte gourmande \u00e0 proximit\u00e9 de la RN 88 et lors de vos s\u00e9jours en Loz\u00e8re.\u00a0 Dans notre restaurant, les plats sont pr\u00e9par\u00e9s maison.\u00a0Nous travaillons avec les produits de notre territoire. [&hellip;]<\/p>","protected":false},"author":1,"featured_media":608,"parent":249,"menu_order":0,"comment_status":"closed","ping_status":"closed","template":"","meta":{"_seopress_robots_primary_cat":"","_seopress_titles_title":"D\u00e9couvrez Nos Menus - H\u00f4tel de France Chaudeyrac","_seopress_titles_desc":"D\u00e9couvrez les menus du restaurant de l\u2019H\u00f4tel de France \u00e0 Chaudeyrac : cuisine du terroir, produits frais et recettes maison.","_seopress_robots_index":"","footnotes":""},"class_list":["post-256","page","type-page","status-publish","has-post-thumbnail","hentry"],"_links":{"self":[{"href":"https:\/\/www.hoteldefrance-chaudeyrac.com\/en\/wp-json\/wp\/v2\/pages\/256","targetHints":{"allow":["GET"]}}],"collection":[{"href":"https:\/\/www.hoteldefrance-chaudeyrac.com\/en\/wp-json\/wp\/v2\/pages"}],"about":[{"href":"https:\/\/www.hoteldefrance-chaudeyrac.com\/en\/wp-json\/wp\/v2\/types\/page"}],"author":[{"embeddable":true,"href":"https:\/\/www.hoteldefrance-chaudeyrac.com\/en\/wp-json\/wp\/v2\/users\/1"}],"replies":[{"embeddable":true,"href":"https:\/\/www.hoteldefrance-chaudeyrac.com\/en\/wp-json\/wp\/v2\/comments?post=256"}],"version-history":[{"count":10,"href":"https:\/\/www.hoteldefrance-chaudeyrac.com\/en\/wp-json\/wp\/v2\/pages\/256\/revisions"}],"predecessor-version":[{"id":860,"href":"https:\/\/www.hoteldefrance-chaudeyrac.com\/en\/wp-json\/wp\/v2\/pages\/256\/revisions\/860"}],"up":[{"embeddable":true,"href":"https:\/\/www.hoteldefrance-chaudeyrac.com\/en\/wp-json\/wp\/v2\/pages\/249"}],"wp:featuredmedia":[{"embeddable":true,"href":"https:\/\/www.hoteldefrance-chaudeyrac.com\/en\/wp-json\/wp\/v2\/media\/608"}],"wp:attachment":[{"href":"https:\/\/www.hoteldefrance-chaudeyrac.com\/en\/wp-json\/wp\/v2\/media?parent=256"}],"curies":[{"name":"wp","href":"https:\/\/api.w.org\/{rel}","templated":true}]}}